{"id":23928,"date":"2025-07-21T11:43:29","date_gmt":"2025-07-21T09:43:29","guid":{"rendered":"https:\/\/attivitavincenti.it\/?page_id=23928"},"modified":"2026-02-23T14:39:53","modified_gmt":"2026-02-23T13:39:53","slug":"come-registrare-la-tua-attivita-sul-sito","status":"publish","type":"page","link":"https:\/\/attivitavincenti.it\/?page_id=23928","title":{"rendered":"Registrare la tua Attivit\u00e0 al portale"},"content":{"rendered":"\t\t<div data-elementor-type=\"wp-page\" data-elementor-id=\"23928\" class=\"elementor elementor-23928\">\n\t\t\t\t<div class=\"elementor-element elementor-element-bfb6321 e-flex e-con-boxed e-con e-parent\" data-id=\"bfb6321\" data-element_type=\"container\" data-e-type=\"container\">\n\t\t\t\t\t<div class=\"e-con-inner\">\n\t\t\t\t<div class=\"elementor-element elementor-element-03cbfa5 elementor-widget elementor-widget-video\" data-id=\"03cbfa5\" data-element_type=\"widget\" data-e-type=\"widget\" data-settings=\"{&quot;youtube_url&quot;:&quot;https:\\\/\\\/www.youtube.com\\\/watch?v=DCJlC3xQ0EM&quot;,&quot;video_type&quot;:&quot;youtube&quot;,&quot;controls&quot;:&quot;yes&quot;}\" data-widget_type=\"video.default\">\n\t\t\t\t<div class=\"elementor-widget-container\">\n\t\t\t\t\t\t\t<div class=\"elementor-wrapper elementor-open-inline\">\n\t\t\t<div class=\"elementor-video\"><\/div>\t\t<\/div>\n\t\t\t\t\t\t<\/div>\n\t\t\t\t<\/div>\n\t\t\t\t<div class=\"elementor-element elementor-element-4bee56d elementor-widget elementor-widget-heading\" data-id=\"4bee56d\" data-element_type=\"widget\" data-e-type=\"widget\" data-widget_type=\"heading.default\">\n\t\t\t\t<div class=\"elementor-widget-container\">\n\t\t\t\t\t<h2 class=\"elementor-heading-title elementor-size-default\">FASE 1 - CREA ACCOUNT<\/h2>\t\t\t\t<\/div>\n\t\t\t\t<\/div>\n\t\t\t\t\t<\/div>\n\t\t\t\t<\/div>\n\t\t<div class=\"elementor-element elementor-element-dd1a408 e-flex e-con-boxed e-con e-parent\" data-id=\"dd1a408\" data-element_type=\"container\" data-e-type=\"container\">\n\t\t\t\t\t<div class=\"e-con-inner\">\n\t\t\t\t<div class=\"elementor-element elementor-element-8666577 elementor-widget elementor-widget-text-editor\" data-id=\"8666577\" data-element_type=\"widget\" data-e-type=\"widget\" data-widget_type=\"text-editor.default\">\n\t\t\t\t<div class=\"elementor-widget-container\">\n\t\t\t\t\t\t\t\t\t<div class=\"single-content\"><p>Registrarsi cliccando sull&#8217;icona rettangolare Registrati\u00a0 oppure procedendo con il form di registrazione che trovate nella parte inferiore di ogni pagina.<\/p><p>Anche dal vostro cellulare che troverete scorrendo verso l&#8217;alto.<\/p><p>Ricordandosi di cliccare su REGISTRATI QUI\u00a0<\/p><p>Inserire una E-MAIL valida e creare una PASSWORD sicura, facile da riutilizzare per i successivi accessi al proprio ACCOUNT.<\/p><p>Il sistema rimanda l\u2019utente ad\u00a0 accedere nuovamente ricomponendo le credenziali appena create per RIACCEDERE al proprio ACCOUNT e dare inizio alla procedura di inserzione al PORTALE ATTIVITA&#8217; VINCENTI<\/p><\/div>\t\t\t\t\t\t\t\t<\/div>\n\t\t\t\t<\/div>\n\t\t\t\t<div class=\"elementor-element elementor-element-4987c77 elementor-widget elementor-widget-heading\" data-id=\"4987c77\" data-element_type=\"widget\" data-e-type=\"widget\" data-widget_type=\"heading.default\">\n\t\t\t\t<div class=\"elementor-widget-container\">\n\t\t\t\t\t<h2 class=\"elementor-heading-title elementor-size-default\">FASE 2 - INFORMAZIONI PROFILO<\/h2>\t\t\t\t<\/div>\n\t\t\t\t<\/div>\n\t\t\t\t<div class=\"elementor-element elementor-element-f833740 elementor-widget elementor-widget-text-editor\" data-id=\"f833740\" data-element_type=\"widget\" data-e-type=\"widget\" data-widget_type=\"text-editor.default\">\n\t\t\t\t<div class=\"elementor-widget-container\">\n\t\t\t\t\t\t\t\t\t<div class=\"single-content\">Nella sezione ACCOUNT inserire tutti i dati necessari personali o aziendali, allegare i link dei vari (social e siti web) che si desidera avere in prima visione,\u00a0 aggiungere un immagine fotografica o logo del formato 500&#215;500 Pixel\u00a0 che definisca l&#8217;azienda e procedere cliccando AGGIORNA PROFILO.<\/div>\t\t\t\t\t\t\t\t<\/div>\n\t\t\t\t<\/div>\n\t\t\t\t<div class=\"elementor-element elementor-element-92a3461 elementor-widget elementor-widget-heading\" data-id=\"92a3461\" data-element_type=\"widget\" data-e-type=\"widget\" data-widget_type=\"heading.default\">\n\t\t\t\t<div class=\"elementor-widget-container\">\n\t\t\t\t\t<h2 class=\"elementor-heading-title elementor-size-default\">FASE 3 -PAGINA AZIENDA VISIBILE SUL PORTALE<\/h2>\t\t\t\t<\/div>\n\t\t\t\t<\/div>\n\t\t\t\t<div class=\"elementor-element elementor-element-61b6f9c elementor-widget__width-initial elementor-widget elementor-widget-text-editor\" data-id=\"61b6f9c\" data-element_type=\"widget\" data-e-type=\"widget\" data-widget_type=\"text-editor.default\">\n\t\t\t\t<div class=\"elementor-widget-container\">\n\t\t\t\t\t\t\t\t\t<div class=\"single-content\"><p>Per creare la pagina della tua attivit\u00e0 che sar\u00e0 poi visibile sul portarle Attivit\u00e0 Vincenti dovrai aprire la sezione AGGIUNGI NUOVA PROPRIETA\u2019.<\/p><p>Qui compila tutti i campi richiesti con i riferimenti della tua azienda. E&#8217; molto importante selezionare la categoria di settore appartenente.\u00a0<\/p><p>I dati da pubblicare sono:<\/p><ul><li><strong>Nome<\/strong> azienda IMPORTANTE :,<strong>descrizione della vostra azienda nella migliore presentazione.<\/strong>\u00a0(numero caratteri illimitati)<\/li><li><strong>Immagini<\/strong>\u00a0fotografici quantit\u00e0 10\/\/ 500&#215;500 Pixel intercambiabili periodicamente a propria discrezione\u00a0<\/li><li><strong>Immagine principale<\/strong>\u00a0da mantenere sempre si consiglia la prima foto da pubblicare possibilmente\u00a0 il LOGO o\u00a0 l&#8217;immagine aziendale.<\/li><li>Aggiungere tutte le caratteristiche disponibili che si desidera mostrare, ed e anche possibile aggiungere (video abbinati tra You Tube o Video personali ). E importante inserire e scrivere\u00a0 l&#8217;indirizzo e la posizione correttamente della propria azienda sulla mappa nazionale ITALIANA e salvare la GEOLOCALIZAZIONE\u00a0<\/li><li>CONCLUSIONE: Controllare con cura tutti i riferimenti inseriti e procedere cliccando su AGGIUNGI PROPRIETA\u2019 . Fatto questo ora\u00a0 siete on line sul portale\u00a0 Attivit\u00e0 Vincenti www.attivitavincenti.it<\/li><\/ul><\/div>\t\t\t\t\t\t\t\t<\/div>\n\t\t\t\t<\/div>\n\t\t\t\t<div class=\"elementor-element elementor-element-dd996bb elementor-widget elementor-widget-text-editor\" data-id=\"dd996bb\" data-element_type=\"widget\" data-e-type=\"widget\" data-widget_type=\"text-editor.default\">\n\t\t\t\t<div class=\"elementor-widget-container\">\n\t\t\t\t\t\t\t\t\t<h3>REVISIONE E CONVALIDA<\/h3><p>Durante la compilazione della propria scheda aziendale\u00a0 si pu\u00f2 utilizzare un opzione aggiuntiva c<strong>liccando su (SALVA COME BOZZA)<\/strong> . Questa e la modalit\u00e0 che vi consente di rielaborare tutti i vostri dati con riflessione\u00a0 prima della pubblicazione. Tutti i dati inseriti saranno salvati\u00a0 fino al completamento della procedura in piena tranquillit\u00e0.\u00a0<\/p><p>A seguire procedendo al abbonamento annuale avvenuto mediante criteri di pagamento stabiliti,\u00a0 e scegliedo tra le opzioni proposte da A.V. e dopo verifica confermata di pagamento A.V.\u00a0 comunicher\u00e0 l\u2019accettazione immediata e consentir\u00e0 la vostra visibilit\u00e0 sul portale <strong>attivitavincenti.it.<\/strong><\/p>\t\t\t\t\t\t\t\t<\/div>\n\t\t\t\t<\/div>\n\t\t\t\t<div class=\"elementor-element elementor-element-c04ed4d elementor-widget elementor-widget-heading\" data-id=\"c04ed4d\" data-element_type=\"widget\" data-e-type=\"widget\" data-widget_type=\"heading.default\">\n\t\t\t\t<div class=\"elementor-widget-container\">\n\t\t\t\t\t<h2 class=\"elementor-heading-title elementor-size-default\">COSTI ABBONAMENTO<\/h2>\t\t\t\t<\/div>\n\t\t\t\t<\/div>\n\t\t\t\t<div class=\"elementor-element elementor-element-03f8883 elementor-widget elementor-widget-text-editor\" data-id=\"03f8883\" data-element_type=\"widget\" data-e-type=\"widget\" data-widget_type=\"text-editor.default\">\n\t\t\t\t<div class=\"elementor-widget-container\">\n\t\t\t\t\t\t\t\t\t<p>COSTI PER ABBONAMENTO ANNUALE\u00a0 E FATURA TOTALMENTE DETRAIBILE<\/p><p>\u00a0Si possono scegliere due opzioni di visibilit\u00e0 sul portale\u00a0<\/p><ul><li><strong>STANDARD<\/strong> visibilit\u00e0 su tutti i servizi escluso EVIDENZA pagina principale\u00a0 homepage costo \u20ac 199,00 (+ iva)<\/li><li><strong>PLUS<\/strong> visibilit\u00e0 su tutti i servizi include\u00a0 EVIDENZA pagina principale homepage costo \u20ac290,00 (+ iva)<\/li><li>\u00a0<\/li><li><b>\u00a0 \u00a0 \u00a0 \u00a0 \u00a0 \u00a0METODI DA<\/b>\u00a0<b>UTILIZZARE PER I PAGAMENTI DEI CONTRATTI ANNUALI<\/b><\/li><\/ul><p><strong><span style=\"text-decoration: underline;\">1\u00b0 passaggio<\/span><\/strong> aprire la tendina a comparsa: VEDI PACCHETTI DISPONIBILI E METODI DI PAGAMENTO.<\/p><p>Scegliere tra le\u00a0 opzioni di pagamento disponibili (STANDARD -o- PLUS) diversamente (BONIFICO BANCARIO)<\/p><p>utilizzando\u00a0 ( Nexi-PayPal &#8211; Google Pay- Visa Nexi &#8211; carte di credito\u00a0 Stripe ) diversamente Bonifico Bancario con codice IBAN.<\/p><p>Proseguire nella pagina successiva e cliccare MANDAMI LA FATTURA.<\/p><p>Il sistema invier\u00e0 nella E-mail che ci avete comunicato una fattura proforma con un codice numerico.<\/p><p>In seguito <strong>attivitavincenti.it <\/strong> dopo verifica di avvenuto pagamento proceder\u00e0 con la pubblicazione sulla propria piattaforma la visibilit\u00e0 della\u00a0 vostra attivit\u00e0. Da quella data avr\u00e0 inizio il contratto annuale. Riceverete di seguito la fattura originale totalmente detraibile.<\/p><p><b>\u00a0 \u00a0<\/b><b>\u00a0 \u00a0 \u00a0 \u00a0 \u00a0 \u00a0 \u00a0 \u00a0 \u00a0 \u00a0 \u00a0 \u00a0 \u00a0SEZIONE MOLTO IMPORTANTE\u00a0 \u00a0-\/\/ LISTA PROPRIETA&#8217; \/\/-\u00a0<\/b><\/p><p><b>\u00a0Nella vostra principale pagina troverete\u00a0 \/\/ LISTA PROPRIETA&#8217; \/\/\u00a0 \u00a0Questa sezione vi consentir\u00e0 di rielaborare e pubblicare nuove iniziative e proposte\u00a0 OGNI MOMENTO E\u00a0 per tutto il periodo del abbonamento con\u00a0 ATTIVITA&#8217; VINCENTI<\/b><\/p><p>A vostra completa disposizione lo staff <strong>attivitavincenti.it <\/strong>vi da il benvenuto.<\/p><p>per maggiori riferimenti; vi risponder\u00e0 CARLO DORATELLI al (351-3031467) o scrivendo a <strong>info@attivitavincenti.it<\/strong> oppure direttamente dal sito cliccando <strong>contattaci<\/strong><\/p><p>\u00a0Cordiali saluti\u00a0 e grazie a tutti da (\u00a0<strong>www.attivitavincenti.it )<\/strong><\/p>\t\t\t\t\t\t\t\t<\/div>\n\t\t\t\t<\/div>\n\t\t\t\t\t<\/div>\n\t\t\t\t<\/div>\n\t\t<div class=\"elementor-element elementor-element-6b6bd2d e-flex e-con-boxed e-con e-parent\" data-id=\"6b6bd2d\" data-element_type=\"container\" data-e-type=\"container\">\n\t\t\t\t\t<div class=\"e-con-inner\">\n\t\t\t\t\t<\/div>\n\t\t\t\t<\/div>\n\t\t\t\t<\/div>\n\t\t","protected":false},"excerpt":{"rendered":"<p>FASE 1 &#8211; CREA ACCOUNT Registrarsi cliccando sull&#8217;icona rettangolare Registrati\u00a0 oppure procedendo con il form di registrazione che trovate nella parte inferiore di ogni pagina. Anche dal vostro cellulare che troverete scorrendo verso l&#8217;alto. Ricordandosi di cliccare su REGISTRATI QUI\u00a0 Inserire una E-MAIL valida e creare una PASSWORD sicura, facile da riutilizzare per i successivi accessi al proprio ACCOUNT. Il sistema rimanda l\u2019utente ad\u00a0 &#8230;<\/p>\n","protected":false},"author":6,"featured_media":0,"parent":0,"menu_order":0,"comment_status":"closed","ping_status":"closed","template":"","meta":{"footnotes":""},"class_list":["post-23928","page","type-page","status-publish","hentry"],"_links":{"self":[{"href":"https:\/\/attivitavincenti.it\/index.php?rest_route=\/wp\/v2\/pages\/23928","targetHints":{"allow":["GET"]}}],"collection":[{"href":"https:\/\/attivitavincenti.it\/index.php?rest_route=\/wp\/v2\/pages"}],"about":[{"href":"https:\/\/attivitavincenti.it\/index.php?rest_route=\/wp\/v2\/types\/page"}],"author":[{"embeddable":true,"href":"https:\/\/attivitavincenti.it\/index.php?rest_route=\/wp\/v2\/users\/6"}],"replies":[{"embeddable":true,"href":"https:\/\/attivitavincenti.it\/index.php?rest_route=%2Fwp%2Fv2%2Fcomments&post=23928"}],"version-history":[{"count":57,"href":"https:\/\/attivitavincenti.it\/index.php?rest_route=\/wp\/v2\/pages\/23928\/revisions"}],"predecessor-version":[{"id":24584,"href":"https:\/\/attivitavincenti.it\/index.php?rest_route=\/wp\/v2\/pages\/23928\/revisions\/24584"}],"wp:attachment":[{"href":"https:\/\/attivitavincenti.it\/index.php?rest_route=%2Fwp%2Fv2%2Fmedia&parent=23928"}],"curies":[{"name":"wp","href":"https:\/\/api.w.org\/{rel}","templated":true}]}}